{"id":5425,"date":"2026-02-23T14:17:48","date_gmt":"2026-02-23T18:17:48","guid":{"rendered":"https:\/\/sollertia.ca\/products\/geodesic-dome-2\/"},"modified":"2026-02-23T14:19:18","modified_gmt":"2026-02-23T18:19:18","slug":"geodesic-dome-2","status":"publish","type":"page","link":"https:\/\/sollertia.ca\/en\/products\/geodesic-dome-2\/","title":{"rendered":"Geodesic dome"},"content":{"rendered":"\n<p>Appreciated for their lightness and robustness, geodesic structures are gaining popularity. Sollertia stands out by offering the only product entirely designed and manufactured in Quebec by its teams. Backed by expertise and rigorous quality standards, each dome is designed to meet your needs in a sustainable way.<\/p>\n\n<h4 class=\"wp-block-heading\">Uses<\/h4>\n\n<ul class=\"wp-block-list\">\n<li>Hospitality<\/li>\n\n\n\n<li>Ecotourism<\/li>\n\n\n\n<li>Events<\/li>\n\n\n\n<li>Media broadcasting<\/li>\n\n\n\n<li>Cultural<\/li>\n\n\n\n<li>Industrial<\/li>\n<\/ul>\n\n<h4 class=\"wp-block-heading\">Advantages of geodesic structures:<\/h4>\n\n<ul class=\"wp-block-list\">\n<li>Lightweight \u2013 Easy installation and simplified transport<\/li>\n\n\n\n<li>Installation flexibility \u2013 Permanent, temporary, or event-based configuration<\/li>\n\n\n\n<li>Robustness \u2013 Increased safety and year-round performance<\/li>\n\n\n\n<li>Modularity \u2013 Adaptable to multiple needs and environments<\/li>\n\n\n\n<li>Customizable access \u2013 Option to integrate hinged doors, garage doors, windows, or connecting tunnels.<\/li>\n\n\n\n<li>Performance and usage options \u2013 Add insulation, interior membrane, or projection screens<\/li>\n<\/ul>\n\n<h4 class=\"wp-block-heading\">Contact<\/h4>\n\n<h6 class=\"wp-block-heading has-black-color has-text-color has-link-color wp-elements-c6234e8126d0185daebeacb516790ad5\"><\/h6>\n\n<h6 class=\"wp-block-heading\">For further details, contact us.<\/h6>\n\n<p id=\"block-8791216d-9aeb-4bb7-af02-1862fc7caacd\"><\/p>\n\n<h6 class=\"wp-block-heading\"><\/h6>\n\n<p id=\"block-1aa3b9a5-1568-4b1e-994e-cd427b58754f\"><\/p>\n\n<h6 class=\"wp-block-heading\"><\/h6>\n\n<p id=\"block-92ef8aca-fb7c-4d27-9b5a-ebf6295a5f1d\"><\/p>\n\n<p><\/p>\n\n<div style=\"height:29px\" aria-hidden=\"true\" class=\"wp-block-spacer\"><\/div>\n\n<div class=\"wp-block-jetpack-slideshow aligncenter\" data-effect=\"slide\" style=\"--aspect-ratio:calc(683 \/ 1024)\"><div class=\"wp-block-jetpack-slideshow_container swiper\"><ul class=\"wp-block-jetpack-slideshow_swiper-wrapper swiper-wrapper\"><li class=\"wp-block-jetpack-slideshow_slide swiper-slide\"><figure><img decoding=\"async\" width=\"683\" height=\"1024\" alt=\"\" class=\"wp-block-jetpack-slideshow_image wp-image-4770\" data-id=\"4770\" data-aspect-ratio=\"683 \/ 1024\" src=\"https:\/\/sollertia.ca\/wp-content\/uploads\/2025\/09\/02-683x1024.jpg\" srcset=\"https:\/\/sollertia.ca\/wp-content\/uploads\/2025\/09\/02-683x1024.jpg 683w, https:\/\/sollertia.ca\/wp-content\/uploads\/2025\/09\/02-200x300.jpg 200w, https:\/\/sollertia.ca\/wp-content\/uploads\/2025\/09\/02-768x1152.jpg 768w, https:\/\/sollertia.ca\/wp-content\/uploads\/2025\/09\/02-1024x1536.jpg 1024w, https:\/\/sollertia.ca\/wp-content\/uploads\/2025\/09\/02-600x900.jpg 600w, https:\/\/sollertia.ca\/wp-content\/uploads\/2025\/09\/02.jpg 1280w\" sizes=\"(max-width: 683px) 100vw, 683px\" \/><\/figure><\/li><li class=\"wp-block-jetpack-slideshow_slide swiper-slide\"><figure><img decoding=\"async\" width=\"1024\" height=\"799\" alt=\"\" class=\"wp-block-jetpack-slideshow_image wp-image-4768\" data-id=\"4768\" data-aspect-ratio=\"1024 \/ 799\" src=\"https:\/\/sollertia.ca\/wp-content\/uploads\/2025\/09\/01-1024x799.jpg\" srcset=\"https:\/\/sollertia.ca\/wp-content\/uploads\/2025\/09\/01-1024x799.jpg 1024w, https:\/\/sollertia.ca\/wp-content\/uploads\/2025\/09\/01-300x234.jpg 300w, https:\/\/sollertia.ca\/wp-content\/uploads\/2025\/09\/01-768x600.jpg 768w, https:\/\/sollertia.ca\/wp-content\/uploads\/2025\/09\/01-1536x1199.jpg 1536w, https:\/\/sollertia.ca\/wp-content\/uploads\/2025\/09\/01-600x468.jpg 600w, https:\/\/sollertia.ca\/wp-content\/uploads\/2025\/09\/01.jpg 1920w\" sizes=\"(max-width: 1024px) 100vw, 1024px\" \/><\/figure><\/li><li class=\"wp-block-jetpack-slideshow_slide swiper-slide\"><figure><img decoding=\"async\" width=\"483\" height=\"724\" alt=\"\" class=\"wp-block-jetpack-slideshow_image wp-image-4704\" data-id=\"4704\" data-aspect-ratio=\"483 \/ 724\" src=\"https:\/\/sollertia.ca\/wp-content\/uploads\/2025\/08\/statera-02-portrait.jpg\" srcset=\"https:\/\/sollertia.ca\/wp-content\/uploads\/2025\/08\/statera-02-portrait.jpg 483w, https:\/\/sollertia.ca\/wp-content\/uploads\/2025\/08\/statera-02-portrait-200x300.jpg 200w\" sizes=\"(max-width: 483px) 100vw, 483px\" \/><\/figure><\/li><\/ul><a class=\"wp-block-jetpack-slideshow_button-prev swiper-button-prev swiper-button-white\" role=\"button\"><\/a><a class=\"wp-block-jetpack-slideshow_button-next swiper-button-next swiper-button-white\" role=\"button\"><\/a><a aria-label=\"Pause Slideshow\" class=\"wp-block-jetpack-slideshow_button-pause\" role=\"button\"><\/a><div class=\"wp-block-jetpack-slideshow_pagination swiper-pagination swiper-pagination-white\"><\/div><\/div><\/div>\n\n<h4 class=\"wp-block-heading has-text-align-left has-black-color has-text-color has-link-color has-medium-font-size wp-elements-75fcd7d026162d5ae2f9bf9da0dcc6ec\">Discover our project Statera Dome<\/h4>\n\n<div style=\"height:16px\" aria-hidden=\"true\" class=\"wp-block-spacer\"><\/div>\n\n<div class=\"wp-block-buttons is-content-justification-left is-layout-flex wp-container-core-buttons-is-layout-fdcfc74e wp-block-buttons-is-layout-flex\">\n<div class=\"wp-block-button is-style-outline is-style-outline--1\"><a class=\"wp-block-button__link wp-element-button\" href=\"https:\/\/sollertia.ca\/en\/projet\/statera-geodesic-dome\/\">See the project here<\/a><\/div>\n<\/div>\n\n<div style=\"height:18px\" aria-hidden=\"true\" class=\"wp-block-spacer\"><\/div>\n\n<div style=\"height:39px\" aria-hidden=\"true\" class=\"wp-block-spacer\"><\/div>\n\n<h4 class=\"wp-block-heading has-black-color has-text-color has-link-color has-medium-font-size wp-elements-1014f60f7eb2601256ed4b56e66694ea\"><\/h4>\n\n<p><\/p>\n\n<div class=\"wp-block-buttons is-layout-flex wp-block-buttons-is-layout-flex\">\n<div class=\"wp-block-button is-style-outline is-style-outline--2\"><a class=\"wp-block-button__link wp-element-button\" href=\"https:\/\/sollertia.ca\/en\/contact\/\">Contact us here<\/a><\/div>\n<\/div>\n","protected":false},"excerpt":{"rendered":"<p>Appreciated for their lightness and robustness, geodesic structures are gaining popularity. Sollertia stands out by offering the only product entirely designed and manufactured in Quebec by its teams. Backed by expertise and rigorous quality standards, each dome is designed to meet your needs in a sustainable way. Uses Advantages of geodesic structures: Contact For further&#8230; <a class=\"excerpt-read-more\" href=\"https:\/\/sollertia.ca\/en\/products\/geodesic-dome-2\/\" title=\"ReadGeodesic dome\">&nbsp;&raquo;<\/a><\/p>\n","protected":false},"author":5,"featured_media":4765,"parent":2254,"menu_order":4,"comment_status":"closed","ping_status":"closed","template":"","meta":{"_acf_changed":false,"_lmt_disableupdate":"","_lmt_disable":"","_monsterinsights_skip_tracking":false,"_monsterinsights_sitenote_active":false,"_monsterinsights_sitenote_note":"","_monsterinsights_sitenote_category":0,"footnotes":""},"categories":[],"class_list":["post-5425","page","type-page","status-publish","has-post-thumbnail","hentry"],"acf":[],"yoast_head":"<!-- This site is optimized with the Yoast SEO plugin v27.4 - https:\/\/yoast.com\/product\/yoast-seo-wordpress\/ -->\n<title>Geodesic dome | Sollertia % %<\/title>\n<meta name=\"description\" content=\"Sollertia est une entreprise d\u2019experts-conseils sp\u00e9cialis\u00e9s en architecture textile. Nous offrons l&#039;assistance \u00e0 la conception, la confection et l&#039;installaton des structures de membranes tendues. \u00a6 Sollertia is a firm specialised tensile architecture offering design assistance, fabrication and installation of membrane structures.\" \/>\n<meta name=\"robots\" content=\"index, follow, max-snippet:-1, max-image-preview:large, max-video-preview:-1\" \/>\n<link rel=\"canonical\" href=\"https:\/\/sollertia.ca\/en\/products\/geodesic-dome-2\/\" \/>\n<meta property=\"og:locale\" content=\"en_US\" \/>\n<meta property=\"og:type\" content=\"article\" \/>\n<meta property=\"og:title\" content=\"Geodesic dome | Sollertia % %\" \/>\n<meta property=\"og:description\" content=\"Sollertia est une entreprise d\u2019experts-conseils sp\u00e9cialis\u00e9s en architecture textile. Nous offrons l&#039;assistance \u00e0 la conception, la confection et l&#039;installaton des structures de membranes tendues. \u00a6 Sollertia is a firm specialised tensile architecture offering design assistance, fabrication and installation of membrane structures.\" \/>\n<meta property=\"og:url\" content=\"https:\/\/sollertia.ca\/en\/products\/geodesic-dome-2\/\" \/>\n<meta property=\"og:site_name\" content=\"Sollertia\" \/>\n<meta property=\"article:publisher\" content=\"https:\/\/www.facebook.com\/Sollertia-Inc-371425436260491\/\" \/>\n<meta property=\"article:modified_time\" content=\"2026-02-23T18:19:18+00:00\" \/>\n<meta property=\"og:image\" content=\"https:\/\/sollertia.ca\/wp-content\/uploads\/2025\/08\/03.jpg\" \/>\n\t<meta property=\"og:image:width\" content=\"1920\" \/>\n\t<meta property=\"og:image:height\" content=\"1280\" \/>\n\t<meta property=\"og:image:type\" content=\"image\/jpeg\" \/>\n<meta name=\"twitter:card\" content=\"summary_large_image\" \/>\n<meta name=\"twitter:label1\" content=\"Est. reading time\" \/>\n\t<meta name=\"twitter:data1\" content=\"1 minute\" \/>\n<script type=\"application\/ld+json\" class=\"yoast-schema-graph\">{\"@context\":\"https:\\\/\\\/schema.org\",\"@graph\":[{\"@type\":\"WebPage\",\"@id\":\"https:\\\/\\\/sollertia.ca\\\/en\\\/products\\\/geodesic-dome-2\\\/\",\"url\":\"https:\\\/\\\/sollertia.ca\\\/en\\\/products\\\/geodesic-dome-2\\\/\",\"name\":\"Geodesic dome | Sollertia % %\",\"isPartOf\":{\"@id\":\"https:\\\/\\\/sollertia.ca\\\/en\\\/#website\"},\"primaryImageOfPage\":{\"@id\":\"https:\\\/\\\/sollertia.ca\\\/en\\\/products\\\/geodesic-dome-2\\\/#primaryimage\"},\"image\":{\"@id\":\"https:\\\/\\\/sollertia.ca\\\/en\\\/products\\\/geodesic-dome-2\\\/#primaryimage\"},\"thumbnailUrl\":\"https:\\\/\\\/sollertia.ca\\\/wp-content\\\/uploads\\\/2025\\\/08\\\/03.jpg\",\"datePublished\":\"2026-02-23T18:17:48+00:00\",\"dateModified\":\"2026-02-23T18:19:18+00:00\",\"description\":\"Sollertia est une entreprise d\u2019experts-conseils sp\u00e9cialis\u00e9s en architecture textile. Nous offrons l'assistance \u00e0 la conception, la confection et l'installaton des structures de membranes tendues. \u00a6 Sollertia is a firm specialised tensile architecture offering design assistance, fabrication and installation of membrane structures.\",\"breadcrumb\":{\"@id\":\"https:\\\/\\\/sollertia.ca\\\/en\\\/products\\\/geodesic-dome-2\\\/#breadcrumb\"},\"inLanguage\":\"en-US\",\"potentialAction\":[{\"@type\":\"ReadAction\",\"target\":[\"https:\\\/\\\/sollertia.ca\\\/en\\\/products\\\/geodesic-dome-2\\\/\"]}]},{\"@type\":\"ImageObject\",\"inLanguage\":\"en-US\",\"@id\":\"https:\\\/\\\/sollertia.ca\\\/en\\\/products\\\/geodesic-dome-2\\\/#primaryimage\",\"url\":\"https:\\\/\\\/sollertia.ca\\\/wp-content\\\/uploads\\\/2025\\\/08\\\/03.jpg\",\"contentUrl\":\"https:\\\/\\\/sollertia.ca\\\/wp-content\\\/uploads\\\/2025\\\/08\\\/03.jpg\",\"width\":1920,\"height\":1280},{\"@type\":\"BreadcrumbList\",\"@id\":\"https:\\\/\\\/sollertia.ca\\\/en\\\/products\\\/geodesic-dome-2\\\/#breadcrumb\",\"itemListElement\":[{\"@type\":\"ListItem\",\"position\":1,\"name\":\"Accueil\",\"item\":\"https:\\\/\\\/sollertia.ca\\\/en\\\/\"},{\"@type\":\"ListItem\",\"position\":2,\"name\":\"Products\",\"item\":\"https:\\\/\\\/sollertia.ca\\\/en\\\/products\\\/\"},{\"@type\":\"ListItem\",\"position\":3,\"name\":\"Geodesic dome\"}]},{\"@type\":\"WebSite\",\"@id\":\"https:\\\/\\\/sollertia.ca\\\/en\\\/#website\",\"url\":\"https:\\\/\\\/sollertia.ca\\\/en\\\/\",\"name\":\"Sollertia\",\"description\":\"Bureaux d&#039;\u00e9tudes et de r\u00e9alisations en architecture textile\",\"publisher\":{\"@id\":\"https:\\\/\\\/sollertia.ca\\\/en\\\/#organization\"},\"potentialAction\":[{\"@type\":\"SearchAction\",\"target\":{\"@type\":\"EntryPoint\",\"urlTemplate\":\"https:\\\/\\\/sollertia.ca\\\/en\\\/?s={search_term_string}\"},\"query-input\":{\"@type\":\"PropertyValueSpecification\",\"valueRequired\":true,\"valueName\":\"search_term_string\"}}],\"inLanguage\":\"en-US\"},{\"@type\":\"Organization\",\"@id\":\"https:\\\/\\\/sollertia.ca\\\/en\\\/#organization\",\"name\":\"Sollertia\",\"url\":\"https:\\\/\\\/sollertia.ca\\\/en\\\/\",\"logo\":{\"@type\":\"ImageObject\",\"inLanguage\":\"en-US\",\"@id\":\"https:\\\/\\\/sollertia.ca\\\/en\\\/#\\\/schema\\\/logo\\\/image\\\/\",\"url\":\"https:\\\/\\\/i0.wp.com\\\/sollertia.ca\\\/wp-content\\\/uploads\\\/2019\\\/06\\\/sollertia-logo-facebook-180-cm-r.jpg?fit=2048%2C2048&ssl=1\",\"contentUrl\":\"https:\\\/\\\/i0.wp.com\\\/sollertia.ca\\\/wp-content\\\/uploads\\\/2019\\\/06\\\/sollertia-logo-facebook-180-cm-r.jpg?fit=2048%2C2048&ssl=1\",\"width\":2048,\"height\":2048,\"caption\":\"Sollertia\"},\"image\":{\"@id\":\"https:\\\/\\\/sollertia.ca\\\/en\\\/#\\\/schema\\\/logo\\\/image\\\/\"},\"sameAs\":[\"https:\\\/\\\/www.facebook.com\\\/Sollertia-Inc-371425436260491\\\/\",\"https:\\\/\\\/www.instagram.com\\\/sollertia_inc\\\/\",\"http:\\\/\\\/www.linkedin.com\\\/company\\\/2587941\\\/\"]}]}<\/script>\n<!-- \/ Yoast SEO plugin. -->","yoast_head_json":{"title":"Geodesic dome | Sollertia % %","description":"Sollertia est une entreprise d\u2019experts-conseils sp\u00e9cialis\u00e9s en architecture textile. Nous offrons l'assistance \u00e0 la conception, la confection et l'installaton des structures de membranes tendues. \u00a6 Sollertia is a firm specialised tensile architecture offering design assistance, fabrication and installation of membrane structures.","robots":{"index":"index","follow":"follow","max-snippet":"max-snippet:-1","max-image-preview":"max-image-preview:large","max-video-preview":"max-video-preview:-1"},"canonical":"https:\/\/sollertia.ca\/en\/products\/geodesic-dome-2\/","og_locale":"en_US","og_type":"article","og_title":"Geodesic dome | Sollertia % %","og_description":"Sollertia est une entreprise d\u2019experts-conseils sp\u00e9cialis\u00e9s en architecture textile. Nous offrons l'assistance \u00e0 la conception, la confection et l'installaton des structures de membranes tendues. \u00a6 Sollertia is a firm specialised tensile architecture offering design assistance, fabrication and installation of membrane structures.","og_url":"https:\/\/sollertia.ca\/en\/products\/geodesic-dome-2\/","og_site_name":"Sollertia","article_publisher":"https:\/\/www.facebook.com\/Sollertia-Inc-371425436260491\/","article_modified_time":"2026-02-23T18:19:18+00:00","og_image":[{"width":1920,"height":1280,"url":"https:\/\/sollertia.ca\/wp-content\/uploads\/2025\/08\/03.jpg","type":"image\/jpeg"}],"twitter_card":"summary_large_image","twitter_misc":{"Est. reading time":"1 minute"},"schema":{"@context":"https:\/\/schema.org","@graph":[{"@type":"WebPage","@id":"https:\/\/sollertia.ca\/en\/products\/geodesic-dome-2\/","url":"https:\/\/sollertia.ca\/en\/products\/geodesic-dome-2\/","name":"Geodesic dome | Sollertia % %","isPartOf":{"@id":"https:\/\/sollertia.ca\/en\/#website"},"primaryImageOfPage":{"@id":"https:\/\/sollertia.ca\/en\/products\/geodesic-dome-2\/#primaryimage"},"image":{"@id":"https:\/\/sollertia.ca\/en\/products\/geodesic-dome-2\/#primaryimage"},"thumbnailUrl":"https:\/\/sollertia.ca\/wp-content\/uploads\/2025\/08\/03.jpg","datePublished":"2026-02-23T18:17:48+00:00","dateModified":"2026-02-23T18:19:18+00:00","description":"Sollertia est une entreprise d\u2019experts-conseils sp\u00e9cialis\u00e9s en architecture textile. Nous offrons l'assistance \u00e0 la conception, la confection et l'installaton des structures de membranes tendues. \u00a6 Sollertia is a firm specialised tensile architecture offering design assistance, fabrication and installation of membrane structures.","breadcrumb":{"@id":"https:\/\/sollertia.ca\/en\/products\/geodesic-dome-2\/#breadcrumb"},"inLanguage":"en-US","potentialAction":[{"@type":"ReadAction","target":["https:\/\/sollertia.ca\/en\/products\/geodesic-dome-2\/"]}]},{"@type":"ImageObject","inLanguage":"en-US","@id":"https:\/\/sollertia.ca\/en\/products\/geodesic-dome-2\/#primaryimage","url":"https:\/\/sollertia.ca\/wp-content\/uploads\/2025\/08\/03.jpg","contentUrl":"https:\/\/sollertia.ca\/wp-content\/uploads\/2025\/08\/03.jpg","width":1920,"height":1280},{"@type":"BreadcrumbList","@id":"https:\/\/sollertia.ca\/en\/products\/geodesic-dome-2\/#breadcrumb","itemListElement":[{"@type":"ListItem","position":1,"name":"Accueil","item":"https:\/\/sollertia.ca\/en\/"},{"@type":"ListItem","position":2,"name":"Products","item":"https:\/\/sollertia.ca\/en\/products\/"},{"@type":"ListItem","position":3,"name":"Geodesic dome"}]},{"@type":"WebSite","@id":"https:\/\/sollertia.ca\/en\/#website","url":"https:\/\/sollertia.ca\/en\/","name":"Sollertia","description":"Bureaux d&#039;\u00e9tudes et de r\u00e9alisations en architecture textile","publisher":{"@id":"https:\/\/sollertia.ca\/en\/#organization"},"potentialAction":[{"@type":"SearchAction","target":{"@type":"EntryPoint","urlTemplate":"https:\/\/sollertia.ca\/en\/?s={search_term_string}"},"query-input":{"@type":"PropertyValueSpecification","valueRequired":true,"valueName":"search_term_string"}}],"inLanguage":"en-US"},{"@type":"Organization","@id":"https:\/\/sollertia.ca\/en\/#organization","name":"Sollertia","url":"https:\/\/sollertia.ca\/en\/","logo":{"@type":"ImageObject","inLanguage":"en-US","@id":"https:\/\/sollertia.ca\/en\/#\/schema\/logo\/image\/","url":"https:\/\/i0.wp.com\/sollertia.ca\/wp-content\/uploads\/2019\/06\/sollertia-logo-facebook-180-cm-r.jpg?fit=2048%2C2048&ssl=1","contentUrl":"https:\/\/i0.wp.com\/sollertia.ca\/wp-content\/uploads\/2019\/06\/sollertia-logo-facebook-180-cm-r.jpg?fit=2048%2C2048&ssl=1","width":2048,"height":2048,"caption":"Sollertia"},"image":{"@id":"https:\/\/sollertia.ca\/en\/#\/schema\/logo\/image\/"},"sameAs":["https:\/\/www.facebook.com\/Sollertia-Inc-371425436260491\/","https:\/\/www.instagram.com\/sollertia_inc\/","http:\/\/www.linkedin.com\/company\/2587941\/"]}]}},"jetpack_sharing_enabled":true,"_links":{"self":[{"href":"https:\/\/sollertia.ca\/en\/wp-json\/wp\/v2\/pages\/5425","targetHints":{"allow":["GET"]}}],"collection":[{"href":"https:\/\/sollertia.ca\/en\/wp-json\/wp\/v2\/pages"}],"about":[{"href":"https:\/\/sollertia.ca\/en\/wp-json\/wp\/v2\/types\/page"}],"author":[{"embeddable":true,"href":"https:\/\/sollertia.ca\/en\/wp-json\/wp\/v2\/users\/5"}],"replies":[{"embeddable":true,"href":"https:\/\/sollertia.ca\/en\/wp-json\/wp\/v2\/comments?post=5425"}],"version-history":[{"count":1,"href":"https:\/\/sollertia.ca\/en\/wp-json\/wp\/v2\/pages\/5425\/revisions"}],"predecessor-version":[{"id":5426,"href":"https:\/\/sollertia.ca\/en\/wp-json\/wp\/v2\/pages\/5425\/revisions\/5426"}],"up":[{"embeddable":true,"href":"https:\/\/sollertia.ca\/en\/wp-json\/wp\/v2\/pages\/2254"}],"wp:featuredmedia":[{"embeddable":true,"href":"https:\/\/sollertia.ca\/en\/wp-json\/wp\/v2\/media\/4765"}],"wp:attachment":[{"href":"https:\/\/sollertia.ca\/en\/wp-json\/wp\/v2\/media?parent=5425"}],"wp:term":[{"taxonomy":"category","embeddable":true,"href":"https:\/\/sollertia.ca\/en\/wp-json\/wp\/v2\/categories?post=5425"}],"curies":[{"name":"wp","href":"https:\/\/api.w.org\/{rel}","templated":true}]}}