{"id":5421,"date":"2026-02-23T14:05:13","date_gmt":"2026-02-23T18:05:13","guid":{"rendered":"https:\/\/sollertia.ca\/products\/exterior-stage-2\/"},"modified":"2026-02-23T14:27:26","modified_gmt":"2026-02-23T18:27:26","slug":"exterior-stage-2","status":"publish","type":"page","link":"https:\/\/sollertia.ca\/en\/products\/exterior-stage-2\/","title":{"rendered":"Exterior stage"},"content":{"rendered":"\n<p>Discover our range of outdoor stage equipment, designed to offer optimal protection, refined aesthetics, and performance tailored to all your outdoor events.<\/p>\n\n\n\n<h4 class=\"wp-block-heading\">Products<\/h4>\n\n\n\n<ol class=\"wp-block-list\">\n<li><strong style=\"font-weight: bold;\">Range of retractable stage curtains, with vertical or horizontal deployment<\/strong><b> <\/b><\/li>\n<\/ol>\n\n\n\n<ul class=\"wp-block-list\">\n<li>Wind resistant up to 30km\/h<\/li>\n\n\n\n<li>Wind resistant up to 60km\/h<\/li>\n\n\n\n<li>Wind resistant up to 80km\/h<\/li>\n\n\n\n<li>Motorized deployment option<\/li>\n<\/ul>\n\n\n\n<p>2. <strong>Fixed stretched fabric facades<\/strong><\/p>\n\n\n\n<p>3. <strong>Custom stage covers<\/strong><\/p>\n\n\n\n<ul class=\"wp-block-list\">\n<li>Permanent installation (four seasons)<\/li>\n\n\n\n<li>Seasonal installation<\/li>\n\n\n\n<li>Temporary installation (events)<\/li>\n<\/ul>\n\n\n\n<p>4.<strong> Control room shelters<\/strong><\/p>\n\n\n\n<div style=\"height:31px\" aria-hidden=\"true\" class=\"wp-block-spacer\"><\/div>\n\n\n\n<h5 class=\"wp-block-heading\">Features \u2013 Stage curtains \u2013 80 km\/h option<\/h5>\n\n\n\n<p id=\"block-783e1e93-3ade-4958-a22b-276c2dfe6d99\">The Sollertia retractable stage curtain system allows large areas to be covered with lightness, flexibility, and efficiency, while adapting precisely to the dimensions of the project. It offers both privacy and protection from the elements.<br>  <\/p>\n\n\n\n<p id=\"block-783e1e93-3ade-4958-a22b-276c2dfe6d99\">Mounted on rails, these modular screens are equipped with a fastening system with rollers at the top for easy installation and deployment. Once in position, tubes with a locking mechanism ensure that the curtains are taut and held in place. Additional straps stabilize the assembly by redistributing dead and live loads. This system is designed to withstand winds of up to 80 km\/h.   <\/p>\n\n\n\n<h5 class=\"wp-block-heading\">Membranes<\/h5>\n\n\n\n<p>Whatever the product, we work with the best membranes on the market. Available in a wide range of colors, levels of translucency, and openness factors, Serge Ferrari membranes meet a wide variety of needs. They are available as both flexible mesh membranes\u2014Tenseo 371, Tenseo 381, Soltis 92\u2014and waterproof membranes\u2014Soltis W96, Soltis Proof 502, Flexlight 6002.   <\/p>\n\n\n\n<h6 class=\"wp-block-heading\"><\/h6>\n\n\n\n<details class=\"wp-block-details is-layout-flow wp-block-details-is-layout-flow\"><summary>Sun protection<\/summary>\n<p>The fabrics reduce solar transmission by up to 95%, improving thermal comfort and natural light management. The different opening factors, combined with the degrees of translucency of the membranes, offer precise control of the brightness of the scene, up to total opacity depending on the product selected.  <\/p>\n<\/details>\n\n\n\n<details class=\"wp-block-details is-layout-flow wp-block-details-is-layout-flow\"><summary>Weather protection<\/summary>\n<p>Depending on the level of protection required, the wide range of membranes offers multiple solutions: wind protection (depending on the opening factor), as well as partial or total protection against rain. These systems are designed for effective use in both summer and winter. <\/p>\n<\/details>\n\n\n\n<details class=\"wp-block-details is-layout-flow wp-block-details-is-layout-flow\"><summary>Impact protection<\/summary>\n<p>Serge Ferrari membranes are renowned for their high mechanical resistance, allowing them to absorb minor impacts (e.g., thrown objects, frequent handling) while maintaining their shape, performance, and structural integrity. <\/p>\n<\/details>\n\n\n\n<details class=\"wp-block-details is-layout-flow wp-block-details-is-layout-flow\"><summary>Customization<\/summary>\n<p>Choose from a wide selection of membranes and a rich palette of colors offered by Serge Ferrari. For projects with high visual impact, custom printing is available on all products, allowing the integration of logos, patterns, or distinctive graphic elements.  <\/p>\n<\/details>\n\n\n\n<p><\/p>\n\n\n\n<h6 class=\"wp-block-heading\"><\/h6>\n\n\n\n<div style=\"height:29px\" aria-hidden=\"true\" class=\"wp-block-spacer\"><\/div>\n\n\n\n<div class=\"wp-block-jetpack-slideshow aligncenter\" data-autoplay=\"true\" data-delay=\"4\" data-effect=\"slide\" style=\"--aspect-ratio:calc(1024 \/ 768)\"><div class=\"wp-block-jetpack-slideshow_container swiper\"><ul class=\"wp-block-jetpack-slideshow_swiper-wrapper swiper-wrapper\"><li class=\"wp-block-jetpack-slideshow_slide swiper-slide\"><figure><img decoding=\"async\" width=\"1024\" height=\"768\" alt=\"\" class=\"wp-block-jetpack-slideshow_image wp-image-5409\" data-id=\"5409\" data-aspect-ratio=\"1024 \/ 768\" src=\"https:\/\/sollertia.ca\/wp-content\/uploads\/2026\/02\/img-4852-edit-1024x768.jpg\" srcset=\"https:\/\/sollertia.ca\/wp-content\/uploads\/2026\/02\/img-4852-edit-1024x768.jpg 1024w, https:\/\/sollertia.ca\/wp-content\/uploads\/2026\/02\/img-4852-edit-300x225.jpg 300w, https:\/\/sollertia.ca\/wp-content\/uploads\/2026\/02\/img-4852-edit-768x576.jpg 768w, https:\/\/sollertia.ca\/wp-content\/uploads\/2026\/02\/img-4852-edit-1536x1152.jpg 1536w, https:\/\/sollertia.ca\/wp-content\/uploads\/2026\/02\/img-4852-edit-600x450.jpg 600w, https:\/\/sollertia.ca\/wp-content\/uploads\/2026\/02\/img-4852-edit.jpg 1920w\" sizes=\"(max-width: 1024px) 100vw, 1024px\" \/><figcaption class=\"wp-block-jetpack-slideshow_caption gallery-caption\">Control room shelters<\/figcaption><\/figure><\/li><li class=\"wp-block-jetpack-slideshow_slide swiper-slide\"><figure><img decoding=\"async\" width=\"1024\" height=\"685\" alt=\"\" class=\"wp-block-jetpack-slideshow_image wp-image-4982\" data-id=\"4982\" data-aspect-ratio=\"1024 \/ 685\" src=\"https:\/\/sollertia.ca\/wp-content\/uploads\/2025\/09\/rideaux-retractables-edit-1024x685.jpg\" srcset=\"https:\/\/sollertia.ca\/wp-content\/uploads\/2025\/09\/rideaux-retractables-edit-1024x685.jpg 1024w, https:\/\/sollertia.ca\/wp-content\/uploads\/2025\/09\/rideaux-retractables-edit-300x201.jpg 300w, https:\/\/sollertia.ca\/wp-content\/uploads\/2025\/09\/rideaux-retractables-edit-768x514.jpg 768w, https:\/\/sollertia.ca\/wp-content\/uploads\/2025\/09\/rideaux-retractables-edit-1536x1028.jpg 1536w, https:\/\/sollertia.ca\/wp-content\/uploads\/2025\/09\/rideaux-retractables-edit-600x402.jpg 600w, https:\/\/sollertia.ca\/wp-content\/uploads\/2025\/09\/rideaux-retractables-edit.jpg 1920w\" sizes=\"(max-width: 1024px) 100vw, 1024px\" \/><figcaption class=\"wp-block-jetpack-slideshow_caption gallery-caption\">Horizontal retractable curtains<\/figcaption><\/figure><\/li><li class=\"wp-block-jetpack-slideshow_slide swiper-slide\"><figure><img decoding=\"async\" width=\"768\" height=\"1024\" alt=\"\" class=\"wp-block-jetpack-slideshow_image wp-image-5038\" data-id=\"5038\" data-aspect-ratio=\"768 \/ 1024\" src=\"https:\/\/sollertia.ca\/wp-content\/uploads\/2025\/09\/toiles-tendues-sollertia-resizedjpgrestoredjpgrestored-768x1024.jpg\" srcset=\"https:\/\/sollertia.ca\/wp-content\/uploads\/2025\/09\/toiles-tendues-sollertia-resizedjpgrestoredjpgrestored-768x1024.jpg 768w, https:\/\/sollertia.ca\/wp-content\/uploads\/2025\/09\/toiles-tendues-sollertia-resizedjpgrestoredjpgrestored-225x300.jpg 225w, https:\/\/sollertia.ca\/wp-content\/uploads\/2025\/09\/toiles-tendues-sollertia-resizedjpgrestoredjpgrestored-1152x1536.jpg 1152w, https:\/\/sollertia.ca\/wp-content\/uploads\/2025\/09\/toiles-tendues-sollertia-resizedjpgrestoredjpgrestored-600x800.jpg 600w, https:\/\/sollertia.ca\/wp-content\/uploads\/2025\/09\/toiles-tendues-sollertia-resizedjpgrestoredjpgrestored.jpg 1440w\" sizes=\"(max-width: 768px) 100vw, 768px\" \/><figcaption class=\"wp-block-jetpack-slideshow_caption gallery-caption\">Vertical motorized curtains<\/figcaption><\/figure><\/li><li class=\"wp-block-jetpack-slideshow_slide swiper-slide\"><figure><img decoding=\"async\" width=\"764\" height=\"1024\" alt=\"\" class=\"wp-block-jetpack-slideshow_image wp-image-5041\" data-id=\"5041\" data-aspect-ratio=\"764 \/ 1024\" src=\"https:\/\/sollertia.ca\/wp-content\/uploads\/2025\/09\/img-2940-764x1024.jpg\" srcset=\"https:\/\/sollertia.ca\/wp-content\/uploads\/2025\/09\/img-2940-764x1024.jpg 764w, https:\/\/sollertia.ca\/wp-content\/uploads\/2025\/09\/img-2940-224x300.jpg 224w, https:\/\/sollertia.ca\/wp-content\/uploads\/2025\/09\/img-2940-768x1030.jpg 768w, https:\/\/sollertia.ca\/wp-content\/uploads\/2025\/09\/img-2940-1146x1536.jpg 1146w, https:\/\/sollertia.ca\/wp-content\/uploads\/2025\/09\/img-2940-600x804.jpg 600w, https:\/\/sollertia.ca\/wp-content\/uploads\/2025\/09\/img-2940.jpg 1432w\" sizes=\"(max-width: 764px) 100vw, 764px\" \/><figcaption class=\"wp-block-jetpack-slideshow_caption gallery-caption\">Opaque curtains<\/figcaption><\/figure><\/li><li class=\"wp-block-jetpack-slideshow_slide swiper-slide\"><figure><img decoding=\"async\" width=\"1024\" height=\"836\" alt=\"\" class=\"wp-block-jetpack-slideshow_image wp-image-5043\" data-id=\"5043\" data-aspect-ratio=\"1024 \/ 836\" src=\"https:\/\/sollertia.ca\/wp-content\/uploads\/2025\/09\/dsc02158m-1024x836.jpg\" srcset=\"https:\/\/sollertia.ca\/wp-content\/uploads\/2025\/09\/dsc02158m-1024x836.jpg 1024w, https:\/\/sollertia.ca\/wp-content\/uploads\/2025\/09\/dsc02158m-300x245.jpg 300w, https:\/\/sollertia.ca\/wp-content\/uploads\/2025\/09\/dsc02158m-768x627.jpg 768w, https:\/\/sollertia.ca\/wp-content\/uploads\/2025\/09\/dsc02158m-1536x1254.jpg 1536w, https:\/\/sollertia.ca\/wp-content\/uploads\/2025\/09\/dsc02158m-600x490.jpg 600w, https:\/\/sollertia.ca\/wp-content\/uploads\/2025\/09\/dsc02158m.jpg 1920w\" sizes=\"(max-width: 1024px) 100vw, 1024px\" \/><figcaption class=\"wp-block-jetpack-slideshow_caption gallery-caption\">\u00c9milie Gamelin Stage cover<\/figcaption><\/figure><\/li><\/ul><a class=\"wp-block-jetpack-slideshow_button-prev swiper-button-prev swiper-button-white\" role=\"button\"><\/a><a class=\"wp-block-jetpack-slideshow_button-next swiper-button-next swiper-button-white\" role=\"button\"><\/a><a aria-label=\"Pause Slideshow\" class=\"wp-block-jetpack-slideshow_button-pause\" role=\"button\"><\/a><div class=\"wp-block-jetpack-slideshow_pagination swiper-pagination swiper-pagination-white\"><\/div><\/div><\/div>\n\n\n\n<h4 class=\"wp-block-heading has-text-align-left has-black-color has-text-color has-link-color has-medium-font-size wp-elements-2a3e7e1cba2192af8a71a82e65ef273a\">Discover our project at Roland-Beaudin Park<\/h4>\n\n\n\n<div style=\"height:16px\" aria-hidden=\"true\" class=\"wp-block-spacer\"><\/div>\n\n\n\n<div class=\"wp-block-buttons is-content-justification-left is-layout-flex wp-container-core-buttons-is-layout-fdcfc74e wp-block-buttons-is-layout-flex\">\n<div class=\"wp-block-button is-style-outline is-style-outline--1\"><a class=\"wp-block-button__link wp-element-button\" href=\"https:\/\/sollertia.ca\/en\/projet\/scene-roland-beaudin-park\/\">See more<\/a><\/div>\n<\/div>\n\n\n\n<div style=\"height:18px\" aria-hidden=\"true\" class=\"wp-block-spacer\"><\/div>\n\n\n\n<div style=\"height:39px\" aria-hidden=\"true\" class=\"wp-block-spacer\"><\/div>\n\n\n\n<h4 class=\"wp-block-heading has-black-color has-text-color has-link-color has-medium-font-size wp-elements-c647e7a3885444ba94dbf044c4e48b24\">Need more details? Feel free to contact us. <\/h4>\n\n\n\n<p><\/p>\n\n\n\n<div class=\"wp-block-buttons is-layout-flex wp-block-buttons-is-layout-flex\">\n<div class=\"wp-block-button is-style-outline is-style-outline--2\"><a class=\"wp-block-button__link wp-element-button\" href=\"https:\/\/sollertia.ca\/en\/contact\/\">Contactez-nous<\/a><\/div>\n<\/div>\n","protected":false},"excerpt":{"rendered":"<p>Discover our range of outdoor stage equipment, designed to offer optimal protection, refined aesthetics, and performance tailored to all your outdoor events. Products 2. Fixed stretched fabric facades 3. Custom stage covers 4. Control room shelters Features \u2013 Stage curtains \u2013 80 km\/h option The Sollertia retractable stage curtain system allows large areas to be&#8230; <a class=\"excerpt-read-more\" href=\"https:\/\/sollertia.ca\/en\/products\/exterior-stage-2\/\" title=\"ReadExterior stage\">&nbsp;&raquo;<\/a><\/p>\n","protected":false},"author":13,"featured_media":5044,"parent":2254,"menu_order":3,"comment_status":"closed","ping_status":"closed","template":"","meta":{"_acf_changed":false,"_lmt_disableupdate":"","_lmt_disable":"","_monsterinsights_skip_tracking":false,"_monsterinsights_sitenote_active":false,"_monsterinsights_sitenote_note":"","_monsterinsights_sitenote_category":0,"footnotes":""},"categories":[78],"class_list":["post-5421","page","type-page","status-publish","has-post-thumbnail","hentry","category-sollertia-projects"],"acf":[],"yoast_head":"<!-- This site is optimized with the Yoast SEO plugin v27.4 - https:\/\/yoast.com\/product\/yoast-seo-wordpress\/ -->\n<title>Exterior stage | Sollertia % %<\/title>\n<meta name=\"description\" content=\"Sollertia est une entreprise d\u2019experts-conseils sp\u00e9cialis\u00e9s en architecture textile. Nous offrons l&#039;assistance \u00e0 la conception, la confection et l&#039;installaton des structures de membranes tendues. \u00a6 Sollertia is a firm specialised tensile architecture offering design assistance, fabrication and installation of membrane structures.\" \/>\n<meta name=\"robots\" content=\"index, follow, max-snippet:-1, max-image-preview:large, max-video-preview:-1\" \/>\n<link rel=\"canonical\" href=\"https:\/\/sollertia.ca\/en\/products\/exterior-stage-2\/\" \/>\n<meta property=\"og:locale\" content=\"en_US\" \/>\n<meta property=\"og:type\" content=\"article\" \/>\n<meta property=\"og:title\" content=\"Exterior stage | Sollertia % %\" \/>\n<meta property=\"og:description\" content=\"Sollertia est une entreprise d\u2019experts-conseils sp\u00e9cialis\u00e9s en architecture textile. Nous offrons l&#039;assistance \u00e0 la conception, la confection et l&#039;installaton des structures de membranes tendues. \u00a6 Sollertia is a firm specialised tensile architecture offering design assistance, fabrication and installation of membrane structures.\" \/>\n<meta property=\"og:url\" content=\"https:\/\/sollertia.ca\/en\/products\/exterior-stage-2\/\" \/>\n<meta property=\"og:site_name\" content=\"Sollertia\" \/>\n<meta property=\"article:publisher\" content=\"https:\/\/www.facebook.com\/Sollertia-Inc-371425436260491\/\" \/>\n<meta property=\"article:modified_time\" content=\"2026-02-23T18:27:26+00:00\" \/>\n<meta property=\"og:image\" content=\"https:\/\/sollertia.ca\/wp-content\/uploads\/2025\/09\/dsc02158m.jpg\" \/>\n\t<meta property=\"og:image:width\" content=\"1920\" \/>\n\t<meta property=\"og:image:height\" content=\"1568\" \/>\n\t<meta property=\"og:image:type\" content=\"image\/jpeg\" \/>\n<meta name=\"twitter:card\" content=\"summary_large_image\" \/>\n<meta name=\"twitter:label1\" content=\"Est. reading time\" \/>\n\t<meta name=\"twitter:data1\" content=\"4 minutes\" \/>\n<script type=\"application\/ld+json\" class=\"yoast-schema-graph\">{\"@context\":\"https:\\\/\\\/schema.org\",\"@graph\":[{\"@type\":\"WebPage\",\"@id\":\"https:\\\/\\\/sollertia.ca\\\/en\\\/products\\\/exterior-stage-2\\\/\",\"url\":\"https:\\\/\\\/sollertia.ca\\\/en\\\/products\\\/exterior-stage-2\\\/\",\"name\":\"Exterior stage | Sollertia % %\",\"isPartOf\":{\"@id\":\"https:\\\/\\\/sollertia.ca\\\/en\\\/#website\"},\"primaryImageOfPage\":{\"@id\":\"https:\\\/\\\/sollertia.ca\\\/en\\\/products\\\/exterior-stage-2\\\/#primaryimage\"},\"image\":{\"@id\":\"https:\\\/\\\/sollertia.ca\\\/en\\\/products\\\/exterior-stage-2\\\/#primaryimage\"},\"thumbnailUrl\":\"https:\\\/\\\/sollertia.ca\\\/wp-content\\\/uploads\\\/2025\\\/09\\\/dsc02158m.jpg\",\"datePublished\":\"2026-02-23T18:05:13+00:00\",\"dateModified\":\"2026-02-23T18:27:26+00:00\",\"description\":\"Sollertia est une entreprise d\u2019experts-conseils sp\u00e9cialis\u00e9s en architecture textile. Nous offrons l'assistance \u00e0 la conception, la confection et l'installaton des structures de membranes tendues. \u00a6 Sollertia is a firm specialised tensile architecture offering design assistance, fabrication and installation of membrane structures.\",\"breadcrumb\":{\"@id\":\"https:\\\/\\\/sollertia.ca\\\/en\\\/products\\\/exterior-stage-2\\\/#breadcrumb\"},\"inLanguage\":\"en-US\",\"potentialAction\":[{\"@type\":\"ReadAction\",\"target\":[\"https:\\\/\\\/sollertia.ca\\\/en\\\/products\\\/exterior-stage-2\\\/\"]}]},{\"@type\":\"ImageObject\",\"inLanguage\":\"en-US\",\"@id\":\"https:\\\/\\\/sollertia.ca\\\/en\\\/products\\\/exterior-stage-2\\\/#primaryimage\",\"url\":\"https:\\\/\\\/sollertia.ca\\\/wp-content\\\/uploads\\\/2025\\\/09\\\/dsc02158m.jpg\",\"contentUrl\":\"https:\\\/\\\/sollertia.ca\\\/wp-content\\\/uploads\\\/2025\\\/09\\\/dsc02158m.jpg\",\"width\":1920,\"height\":1568,\"caption\":\"Sc\u00e8ne Parc \u00c9milie Gamelin\"},{\"@type\":\"BreadcrumbList\",\"@id\":\"https:\\\/\\\/sollertia.ca\\\/en\\\/products\\\/exterior-stage-2\\\/#breadcrumb\",\"itemListElement\":[{\"@type\":\"ListItem\",\"position\":1,\"name\":\"Accueil\",\"item\":\"https:\\\/\\\/sollertia.ca\\\/en\\\/\"},{\"@type\":\"ListItem\",\"position\":2,\"name\":\"Products\",\"item\":\"https:\\\/\\\/sollertia.ca\\\/en\\\/products\\\/\"},{\"@type\":\"ListItem\",\"position\":3,\"name\":\"Exterior stage\"}]},{\"@type\":\"WebSite\",\"@id\":\"https:\\\/\\\/sollertia.ca\\\/en\\\/#website\",\"url\":\"https:\\\/\\\/sollertia.ca\\\/en\\\/\",\"name\":\"Sollertia\",\"description\":\"Bureaux d&#039;\u00e9tudes et de r\u00e9alisations en architecture textile\",\"publisher\":{\"@id\":\"https:\\\/\\\/sollertia.ca\\\/en\\\/#organization\"},\"potentialAction\":[{\"@type\":\"SearchAction\",\"target\":{\"@type\":\"EntryPoint\",\"urlTemplate\":\"https:\\\/\\\/sollertia.ca\\\/en\\\/?s={search_term_string}\"},\"query-input\":{\"@type\":\"PropertyValueSpecification\",\"valueRequired\":true,\"valueName\":\"search_term_string\"}}],\"inLanguage\":\"en-US\"},{\"@type\":\"Organization\",\"@id\":\"https:\\\/\\\/sollertia.ca\\\/en\\\/#organization\",\"name\":\"Sollertia\",\"url\":\"https:\\\/\\\/sollertia.ca\\\/en\\\/\",\"logo\":{\"@type\":\"ImageObject\",\"inLanguage\":\"en-US\",\"@id\":\"https:\\\/\\\/sollertia.ca\\\/en\\\/#\\\/schema\\\/logo\\\/image\\\/\",\"url\":\"https:\\\/\\\/i0.wp.com\\\/sollertia.ca\\\/wp-content\\\/uploads\\\/2019\\\/06\\\/sollertia-logo-facebook-180-cm-r.jpg?fit=2048%2C2048&ssl=1\",\"contentUrl\":\"https:\\\/\\\/i0.wp.com\\\/sollertia.ca\\\/wp-content\\\/uploads\\\/2019\\\/06\\\/sollertia-logo-facebook-180-cm-r.jpg?fit=2048%2C2048&ssl=1\",\"width\":2048,\"height\":2048,\"caption\":\"Sollertia\"},\"image\":{\"@id\":\"https:\\\/\\\/sollertia.ca\\\/en\\\/#\\\/schema\\\/logo\\\/image\\\/\"},\"sameAs\":[\"https:\\\/\\\/www.facebook.com\\\/Sollertia-Inc-371425436260491\\\/\",\"https:\\\/\\\/www.instagram.com\\\/sollertia_inc\\\/\",\"http:\\\/\\\/www.linkedin.com\\\/company\\\/2587941\\\/\"]}]}<\/script>\n<!-- \/ Yoast SEO plugin. -->","yoast_head_json":{"title":"Exterior stage | Sollertia % %","description":"Sollertia est une entreprise d\u2019experts-conseils sp\u00e9cialis\u00e9s en architecture textile. Nous offrons l'assistance \u00e0 la conception, la confection et l'installaton des structures de membranes tendues. \u00a6 Sollertia is a firm specialised tensile architecture offering design assistance, fabrication and installation of membrane structures.","robots":{"index":"index","follow":"follow","max-snippet":"max-snippet:-1","max-image-preview":"max-image-preview:large","max-video-preview":"max-video-preview:-1"},"canonical":"https:\/\/sollertia.ca\/en\/products\/exterior-stage-2\/","og_locale":"en_US","og_type":"article","og_title":"Exterior stage | Sollertia % %","og_description":"Sollertia est une entreprise d\u2019experts-conseils sp\u00e9cialis\u00e9s en architecture textile. Nous offrons l'assistance \u00e0 la conception, la confection et l'installaton des structures de membranes tendues. \u00a6 Sollertia is a firm specialised tensile architecture offering design assistance, fabrication and installation of membrane structures.","og_url":"https:\/\/sollertia.ca\/en\/products\/exterior-stage-2\/","og_site_name":"Sollertia","article_publisher":"https:\/\/www.facebook.com\/Sollertia-Inc-371425436260491\/","article_modified_time":"2026-02-23T18:27:26+00:00","og_image":[{"width":1920,"height":1568,"url":"https:\/\/sollertia.ca\/wp-content\/uploads\/2025\/09\/dsc02158m.jpg","type":"image\/jpeg"}],"twitter_card":"summary_large_image","twitter_misc":{"Est. reading time":"4 minutes"},"schema":{"@context":"https:\/\/schema.org","@graph":[{"@type":"WebPage","@id":"https:\/\/sollertia.ca\/en\/products\/exterior-stage-2\/","url":"https:\/\/sollertia.ca\/en\/products\/exterior-stage-2\/","name":"Exterior stage | Sollertia % %","isPartOf":{"@id":"https:\/\/sollertia.ca\/en\/#website"},"primaryImageOfPage":{"@id":"https:\/\/sollertia.ca\/en\/products\/exterior-stage-2\/#primaryimage"},"image":{"@id":"https:\/\/sollertia.ca\/en\/products\/exterior-stage-2\/#primaryimage"},"thumbnailUrl":"https:\/\/sollertia.ca\/wp-content\/uploads\/2025\/09\/dsc02158m.jpg","datePublished":"2026-02-23T18:05:13+00:00","dateModified":"2026-02-23T18:27:26+00:00","description":"Sollertia est une entreprise d\u2019experts-conseils sp\u00e9cialis\u00e9s en architecture textile. Nous offrons l'assistance \u00e0 la conception, la confection et l'installaton des structures de membranes tendues. \u00a6 Sollertia is a firm specialised tensile architecture offering design assistance, fabrication and installation of membrane structures.","breadcrumb":{"@id":"https:\/\/sollertia.ca\/en\/products\/exterior-stage-2\/#breadcrumb"},"inLanguage":"en-US","potentialAction":[{"@type":"ReadAction","target":["https:\/\/sollertia.ca\/en\/products\/exterior-stage-2\/"]}]},{"@type":"ImageObject","inLanguage":"en-US","@id":"https:\/\/sollertia.ca\/en\/products\/exterior-stage-2\/#primaryimage","url":"https:\/\/sollertia.ca\/wp-content\/uploads\/2025\/09\/dsc02158m.jpg","contentUrl":"https:\/\/sollertia.ca\/wp-content\/uploads\/2025\/09\/dsc02158m.jpg","width":1920,"height":1568,"caption":"Sc\u00e8ne Parc \u00c9milie Gamelin"},{"@type":"BreadcrumbList","@id":"https:\/\/sollertia.ca\/en\/products\/exterior-stage-2\/#breadcrumb","itemListElement":[{"@type":"ListItem","position":1,"name":"Accueil","item":"https:\/\/sollertia.ca\/en\/"},{"@type":"ListItem","position":2,"name":"Products","item":"https:\/\/sollertia.ca\/en\/products\/"},{"@type":"ListItem","position":3,"name":"Exterior stage"}]},{"@type":"WebSite","@id":"https:\/\/sollertia.ca\/en\/#website","url":"https:\/\/sollertia.ca\/en\/","name":"Sollertia","description":"Bureaux d&#039;\u00e9tudes et de r\u00e9alisations en architecture textile","publisher":{"@id":"https:\/\/sollertia.ca\/en\/#organization"},"potentialAction":[{"@type":"SearchAction","target":{"@type":"EntryPoint","urlTemplate":"https:\/\/sollertia.ca\/en\/?s={search_term_string}"},"query-input":{"@type":"PropertyValueSpecification","valueRequired":true,"valueName":"search_term_string"}}],"inLanguage":"en-US"},{"@type":"Organization","@id":"https:\/\/sollertia.ca\/en\/#organization","name":"Sollertia","url":"https:\/\/sollertia.ca\/en\/","logo":{"@type":"ImageObject","inLanguage":"en-US","@id":"https:\/\/sollertia.ca\/en\/#\/schema\/logo\/image\/","url":"https:\/\/i0.wp.com\/sollertia.ca\/wp-content\/uploads\/2019\/06\/sollertia-logo-facebook-180-cm-r.jpg?fit=2048%2C2048&ssl=1","contentUrl":"https:\/\/i0.wp.com\/sollertia.ca\/wp-content\/uploads\/2019\/06\/sollertia-logo-facebook-180-cm-r.jpg?fit=2048%2C2048&ssl=1","width":2048,"height":2048,"caption":"Sollertia"},"image":{"@id":"https:\/\/sollertia.ca\/en\/#\/schema\/logo\/image\/"},"sameAs":["https:\/\/www.facebook.com\/Sollertia-Inc-371425436260491\/","https:\/\/www.instagram.com\/sollertia_inc\/","http:\/\/www.linkedin.com\/company\/2587941\/"]}]}},"jetpack_sharing_enabled":true,"_links":{"self":[{"href":"https:\/\/sollertia.ca\/en\/wp-json\/wp\/v2\/pages\/5421","targetHints":{"allow":["GET"]}}],"collection":[{"href":"https:\/\/sollertia.ca\/en\/wp-json\/wp\/v2\/pages"}],"about":[{"href":"https:\/\/sollertia.ca\/en\/wp-json\/wp\/v2\/types\/page"}],"author":[{"embeddable":true,"href":"https:\/\/sollertia.ca\/en\/wp-json\/wp\/v2\/users\/13"}],"replies":[{"embeddable":true,"href":"https:\/\/sollertia.ca\/en\/wp-json\/wp\/v2\/comments?post=5421"}],"version-history":[{"count":3,"href":"https:\/\/sollertia.ca\/en\/wp-json\/wp\/v2\/pages\/5421\/revisions"}],"predecessor-version":[{"id":5428,"href":"https:\/\/sollertia.ca\/en\/wp-json\/wp\/v2\/pages\/5421\/revisions\/5428"}],"up":[{"embeddable":true,"href":"https:\/\/sollertia.ca\/en\/wp-json\/wp\/v2\/pages\/2254"}],"wp:featuredmedia":[{"embeddable":true,"href":"https:\/\/sollertia.ca\/en\/wp-json\/wp\/v2\/media\/5044"}],"wp:attachment":[{"href":"https:\/\/sollertia.ca\/en\/wp-json\/wp\/v2\/media?parent=5421"}],"wp:term":[{"taxonomy":"category","embeddable":true,"href":"https:\/\/sollertia.ca\/en\/wp-json\/wp\/v2\/categories?post=5421"}],"curies":[{"name":"wp","href":"https:\/\/api.w.org\/{rel}","templated":true}]}}