{"id":3498,"date":"2021-07-29T11:00:03","date_gmt":"2021-07-29T15:00:03","guid":{"rendered":"https:\/\/sollertia.ca\/?page_id=3498"},"modified":"2026-02-23T14:25:02","modified_gmt":"2026-02-23T18:25:02","slug":"basin-covers","status":"publish","type":"page","link":"https:\/\/sollertia.ca\/en\/products\/basin-covers\/","title":{"rendered":"Basin covers"},"content":{"rendered":"\n<p>Basin covers are used in wastewater treatment to help prevent the formation of algae by limiting UV exposure.<\/p>\n\n\n\n<h5 class=\"wp-block-heading\">What are basin covers?<\/h5>\n\n\n\n<p>They are tensile industrial-strength micro-perforated membranes that are used to cover wastewater tanks in municipal water treatment plants. These protective covers are made of a strong and durable flexible composite PVC mesh. They are fitted with inspection hatches for easy access to the interior, especially for sample collection or for general maintenance.<\/p>\n\n\n\n<p><\/p>\n\n\n\n<h5 class=\"wp-block-heading\">Basin cover features<\/h5>\n\n\n\n<ul class=\"wp-block-list\">\n<li>Custom manufacturing at our factory.<\/li>\n\n\n\n<li>Long-lasting technical textile<\/li>\n\n\n\n<li>Light structure<\/li>\n\n\n\n<li>Quick installation by our team of professionals in only a few hours<\/li>\n\n\n\n<li>Minimum 20-year lifespan<\/li>\n<\/ul>\n\n\n\n<p><\/p>\n\n\n\n<h5 class=\"wp-block-heading\">Advantages of basin covers:<\/h5>\n\n\n\n<ul class=\"wp-block-list\">\n<li>Significantly reduces the development of algae<\/li>\n\n\n\n<li>Decreases the need for basin maintenance<\/li>\n\n\n\n<li>Prevents debris from entering the tank<\/li>\n\n\n\n<li>Reduces operating costs<\/li>\n\n\n\n<li>Improves site security<\/li>\n<\/ul>\n\n\n\n<p><\/p>\n\n\n\n<div style=\"height:100px\" aria-hidden=\"true\" class=\"wp-block-spacer\"><\/div>\n\n\n\n<h5 class=\"wp-block-heading has-text-align-center\">Product sheet<\/h5>\n\n\n\n<div class=\"wp-block-file aligncenter\"><a id=\"wp-block-file--media-4aa617e0-ecc8-482b-8785-d7e2ef77c2dc\" href=\"https:\/\/sollertia.ca\/wp-content\/uploads\/2026\/02\/sollertia-technical-sheet-basin-cover.pdf\" target=\"_blank\" rel=\"noreferrer noopener\">Sollertia_Product Sheet_Basin cover<\/a><a href=\"https:\/\/sollertia.ca\/wp-content\/uploads\/2026\/02\/sollertia-technical-sheet-basin-cover.pdf\" class=\"wp-block-file__button wp-element-button\" download aria-describedby=\"wp-block-file--media-4aa617e0-ecc8-482b-8785-d7e2ef77c2dc\">Download<\/a><\/div>\n\n\n\n<div style=\"height:100px\" aria-hidden=\"true\" class=\"wp-block-spacer\"><\/div>\n\n\n\n<h4 class=\"wp-block-heading has-text-align-center\">View one of our basin cover projects at a wastewater treatment plant<\/h4>\n\n\n\n<div class=\"wp-block-buttons is-content-justification-center is-layout-flex wp-container-core-buttons-is-layout-16018d1d wp-block-buttons-is-layout-flex\">\n<div class=\"wp-block-button is-style-fill\"><a class=\"wp-block-button__link wp-element-button\" href=\"https:\/\/sollertia.ca\/en\/projet\/wastewater-treatment-plant\/\">See the project<\/a><\/div>\n<\/div>\n\n\n\n<div style=\"height:50px\" aria-hidden=\"true\" class=\"wp-block-spacer\"><\/div>\n\n\n\n<div class=\"wp-block-jetpack-slideshow aligncenter\" data-effect=\"slide\"><div class=\"wp-block-jetpack-slideshow_container swiper\"><ul class=\"wp-block-jetpack-slideshow_swiper-wrapper swiper-wrapper\"><li class=\"wp-block-jetpack-slideshow_slide swiper-slide\"><figure><img decoding=\"async\" width=\"1024\" height=\"768\" alt=\"\" class=\"wp-block-jetpack-slideshow_image wp-image-3450\" data-id=\"3450\" src=\"https:\/\/sollertia.ca\/wp-content\/uploads\/2021\/07\/couverture-bassin-kingston-3-1024x768.jpg\" srcset=\"https:\/\/sollertia.ca\/wp-content\/uploads\/2021\/07\/couverture-bassin-kingston-3-1024x768.jpg 1024w, https:\/\/sollertia.ca\/wp-content\/uploads\/2021\/07\/couverture-bassin-kingston-3-300x225.jpg 300w, https:\/\/sollertia.ca\/wp-content\/uploads\/2021\/07\/couverture-bassin-kingston-3-768x576.jpg 768w, https:\/\/sollertia.ca\/wp-content\/uploads\/2021\/07\/couverture-bassin-kingston-3-1536x1152.jpg 1536w, https:\/\/sollertia.ca\/wp-content\/uploads\/2021\/07\/couverture-bassin-kingston-3-600x450.jpg 600w, https:\/\/sollertia.ca\/wp-content\/uploads\/2021\/07\/couverture-bassin-kingston-3.jpg 1920w\" sizes=\"(max-width: 1024px) 100vw, 1024px\" \/><\/figure><\/li><li class=\"wp-block-jetpack-slideshow_slide swiper-slide\"><figure><img decoding=\"async\" width=\"768\" height=\"1024\" alt=\"\" class=\"wp-block-jetpack-slideshow_image wp-image-3448\" data-id=\"3448\" src=\"https:\/\/sollertia.ca\/wp-content\/uploads\/2021\/07\/couverture-bassin-kingston-2-768x1024.jpg\" srcset=\"https:\/\/sollertia.ca\/wp-content\/uploads\/2021\/07\/couverture-bassin-kingston-2-768x1024.jpg 768w, https:\/\/sollertia.ca\/wp-content\/uploads\/2021\/07\/couverture-bassin-kingston-2-225x300.jpg 225w, https:\/\/sollertia.ca\/wp-content\/uploads\/2021\/07\/couverture-bassin-kingston-2-1152x1536.jpg 1152w, https:\/\/sollertia.ca\/wp-content\/uploads\/2021\/07\/couverture-bassin-kingston-2-600x800.jpg 600w, https:\/\/sollertia.ca\/wp-content\/uploads\/2021\/07\/couverture-bassin-kingston-2.jpg 1440w\" sizes=\"(max-width: 768px) 100vw, 768px\" \/><\/figure><\/li><li class=\"wp-block-jetpack-slideshow_slide swiper-slide\"><figure><img decoding=\"async\" width=\"1024\" height=\"460\" alt=\"\" class=\"wp-block-jetpack-slideshow_image wp-image-3446\" data-id=\"3446\" src=\"https:\/\/sollertia.ca\/wp-content\/uploads\/2021\/07\/couverture-bassin-kingston-1-1024x460.jpg\" srcset=\"https:\/\/sollertia.ca\/wp-content\/uploads\/2021\/07\/couverture-bassin-kingston-1-1024x460.jpg 1024w, https:\/\/sollertia.ca\/wp-content\/uploads\/2021\/07\/couverture-bassin-kingston-1-300x135.jpg 300w, https:\/\/sollertia.ca\/wp-content\/uploads\/2021\/07\/couverture-bassin-kingston-1-768x345.jpg 768w, https:\/\/sollertia.ca\/wp-content\/uploads\/2021\/07\/couverture-bassin-kingston-1-1536x690.jpg 1536w, https:\/\/sollertia.ca\/wp-content\/uploads\/2021\/07\/couverture-bassin-kingston-1-600x269.jpg 600w, https:\/\/sollertia.ca\/wp-content\/uploads\/2021\/07\/couverture-bassin-kingston-1.jpg 1920w\" sizes=\"(max-width: 1024px) 100vw, 1024px\" \/><\/figure><\/li><li class=\"wp-block-jetpack-slideshow_slide swiper-slide\"><figure><img decoding=\"async\" width=\"1024\" height=\"768\" alt=\"\" class=\"wp-block-jetpack-slideshow_image wp-image-3444\" data-id=\"3444\" src=\"https:\/\/sollertia.ca\/wp-content\/uploads\/2021\/07\/couverture-bassin-kingston-4-1024x768.jpg\" srcset=\"https:\/\/sollertia.ca\/wp-content\/uploads\/2021\/07\/couverture-bassin-kingston-4-1024x768.jpg 1024w, https:\/\/sollertia.ca\/wp-content\/uploads\/2021\/07\/couverture-bassin-kingston-4-300x225.jpg 300w, https:\/\/sollertia.ca\/wp-content\/uploads\/2021\/07\/couverture-bassin-kingston-4-768x576.jpg 768w, https:\/\/sollertia.ca\/wp-content\/uploads\/2021\/07\/couverture-bassin-kingston-4-1536x1152.jpg 1536w, https:\/\/sollertia.ca\/wp-content\/uploads\/2021\/07\/couverture-bassin-kingston-4-600x450.jpg 600w, https:\/\/sollertia.ca\/wp-content\/uploads\/2021\/07\/couverture-bassin-kingston-4.jpg 1920w\" sizes=\"(max-width: 1024px) 100vw, 1024px\" \/><\/figure><\/li><\/ul><a class=\"wp-block-jetpack-slideshow_button-prev swiper-button-prev swiper-button-white\" role=\"button\"><\/a><a class=\"wp-block-jetpack-slideshow_button-next swiper-button-next swiper-button-white\" role=\"button\"><\/a><a aria-label=\"Pause Slideshow\" class=\"wp-block-jetpack-slideshow_button-pause\" role=\"button\"><\/a><div class=\"wp-block-jetpack-slideshow_pagination swiper-pagination swiper-pagination-white\"><\/div><\/div><\/div>\n\n\n\n<div style=\"height:100px\" aria-hidden=\"true\" class=\"wp-block-spacer\"><\/div>\n\n\n\n<h2 class=\"wp-block-heading\">Would you like to know more about our bassin covers? Do not hesitate to contact us.<\/h2>\n\n\n\n<div class=\"wp-block-buttons is-layout-flex wp-block-buttons-is-layout-flex\">\n<div class=\"wp-block-button is-style-outline is-style-outline--1\"><a class=\"wp-block-button__link wp-element-button\" href=\"https:\/\/sollertia.ca\/en\/contact\/\">Contact us<\/a><\/div>\n<\/div>\n\n\n\n<p><\/p>\n","protected":false},"excerpt":{"rendered":"<p>Basin covers are used in wastewater treatment to help prevent the formation of algae by limiting UV exposure. What are basin covers? They are tensile industrial-strength micro-perforated membranes that are used to cover wastewater tanks in municipal water treatment plants. These protective covers are made of a strong and durable flexible composite PVC mesh. They&#8230; <a class=\"excerpt-read-more\" href=\"https:\/\/sollertia.ca\/en\/products\/basin-covers\/\" title=\"ReadBasin covers\">&nbsp;&raquo;<\/a><\/p>\n","protected":false},"author":2,"featured_media":3445,"parent":2254,"menu_order":3,"comment_status":"closed","ping_status":"closed","template":"","meta":{"_acf_changed":false,"_lmt_disableupdate":"no","_lmt_disable":"","_monsterinsights_skip_tracking":false,"_monsterinsights_sitenote_active":false,"_monsterinsights_sitenote_note":"","_monsterinsights_sitenote_category":0,"footnotes":""},"categories":[78],"class_list":["post-3498","page","type-page","status-publish","has-post-thumbnail","hentry","category-sollertia-projects"],"acf":[],"yoast_head":"<!-- This site is optimized with the Yoast SEO plugin v27.4 - https:\/\/yoast.com\/product\/yoast-seo-wordpress\/ -->\n<title>Basin Covers | Sollertia % %<\/title>\n<meta name=\"description\" content=\"Sollertia est une entreprise d\u2019experts-conseils sp\u00e9cialis\u00e9s en architecture textile. Nous offrons l&#039;assistance \u00e0 la conception, la confection et l&#039;installaton des structures de membranes tendues. \u00a6 Sollertia is a firm specialised tensile architecture offering design assistance, fabrication and installation of membrane structures.\" \/>\n<meta name=\"robots\" content=\"index, follow, max-snippet:-1, max-image-preview:large, max-video-preview:-1\" \/>\n<link rel=\"canonical\" href=\"https:\/\/sollertia.ca\/en\/products\/basin-covers\/\" \/>\n<meta property=\"og:locale\" content=\"en_US\" \/>\n<meta property=\"og:type\" content=\"article\" \/>\n<meta property=\"og:title\" content=\"Basin Covers | Sollertia % %\" \/>\n<meta property=\"og:description\" content=\"Sollertia est une entreprise d\u2019experts-conseils sp\u00e9cialis\u00e9s en architecture textile. Nous offrons l&#039;assistance \u00e0 la conception, la confection et l&#039;installaton des structures de membranes tendues. \u00a6 Sollertia is a firm specialised tensile architecture offering design assistance, fabrication and installation of membrane structures.\" \/>\n<meta property=\"og:url\" content=\"https:\/\/sollertia.ca\/en\/products\/basin-covers\/\" \/>\n<meta property=\"og:site_name\" content=\"Sollertia\" \/>\n<meta property=\"article:publisher\" content=\"https:\/\/www.facebook.com\/Sollertia-Inc-371425436260491\/\" \/>\n<meta property=\"article:modified_time\" content=\"2026-02-23T18:25:02+00:00\" \/>\n<meta property=\"og:image\" content=\"https:\/\/sollertia.ca\/wp-content\/uploads\/2021\/07\/couverture-bassin-kingston-4.jpg\" \/>\n\t<meta property=\"og:image:width\" content=\"1920\" \/>\n\t<meta property=\"og:image:height\" content=\"1440\" \/>\n\t<meta property=\"og:image:type\" content=\"image\/jpeg\" \/>\n<meta name=\"twitter:card\" content=\"summary_large_image\" \/>\n<meta name=\"twitter:label1\" content=\"Est. reading time\" \/>\n\t<meta name=\"twitter:data1\" content=\"2 minutes\" \/>\n<script type=\"application\/ld+json\" class=\"yoast-schema-graph\">{\"@context\":\"https:\\\/\\\/schema.org\",\"@graph\":[{\"@type\":\"WebPage\",\"@id\":\"https:\\\/\\\/sollertia.ca\\\/en\\\/products\\\/basin-covers\\\/\",\"url\":\"https:\\\/\\\/sollertia.ca\\\/en\\\/products\\\/basin-covers\\\/\",\"name\":\"Basin Covers | Sollertia % %\",\"isPartOf\":{\"@id\":\"https:\\\/\\\/sollertia.ca\\\/en\\\/#website\"},\"primaryImageOfPage\":{\"@id\":\"https:\\\/\\\/sollertia.ca\\\/en\\\/products\\\/basin-covers\\\/#primaryimage\"},\"image\":{\"@id\":\"https:\\\/\\\/sollertia.ca\\\/en\\\/products\\\/basin-covers\\\/#primaryimage\"},\"thumbnailUrl\":\"https:\\\/\\\/sollertia.ca\\\/wp-content\\\/uploads\\\/2021\\\/07\\\/couverture-bassin-kingston-4.jpg\",\"datePublished\":\"2021-07-29T15:00:03+00:00\",\"dateModified\":\"2026-02-23T18:25:02+00:00\",\"description\":\"Sollertia est une entreprise d\u2019experts-conseils sp\u00e9cialis\u00e9s en architecture textile. Nous offrons l'assistance \u00e0 la conception, la confection et l'installaton des structures de membranes tendues. \u00a6 Sollertia is a firm specialised tensile architecture offering design assistance, fabrication and installation of membrane structures.\",\"breadcrumb\":{\"@id\":\"https:\\\/\\\/sollertia.ca\\\/en\\\/products\\\/basin-covers\\\/#breadcrumb\"},\"inLanguage\":\"en-US\",\"potentialAction\":[{\"@type\":\"ReadAction\",\"target\":[\"https:\\\/\\\/sollertia.ca\\\/en\\\/products\\\/basin-covers\\\/\"]}]},{\"@type\":\"ImageObject\",\"inLanguage\":\"en-US\",\"@id\":\"https:\\\/\\\/sollertia.ca\\\/en\\\/products\\\/basin-covers\\\/#primaryimage\",\"url\":\"https:\\\/\\\/sollertia.ca\\\/wp-content\\\/uploads\\\/2021\\\/07\\\/couverture-bassin-kingston-4.jpg\",\"contentUrl\":\"https:\\\/\\\/sollertia.ca\\\/wp-content\\\/uploads\\\/2021\\\/07\\\/couverture-bassin-kingston-4.jpg\",\"width\":1920,\"height\":1440},{\"@type\":\"BreadcrumbList\",\"@id\":\"https:\\\/\\\/sollertia.ca\\\/en\\\/products\\\/basin-covers\\\/#breadcrumb\",\"itemListElement\":[{\"@type\":\"ListItem\",\"position\":1,\"name\":\"Accueil\",\"item\":\"https:\\\/\\\/sollertia.ca\\\/en\\\/\"},{\"@type\":\"ListItem\",\"position\":2,\"name\":\"Products\",\"item\":\"https:\\\/\\\/sollertia.ca\\\/en\\\/products\\\/\"},{\"@type\":\"ListItem\",\"position\":3,\"name\":\"Basin covers\"}]},{\"@type\":\"WebSite\",\"@id\":\"https:\\\/\\\/sollertia.ca\\\/en\\\/#website\",\"url\":\"https:\\\/\\\/sollertia.ca\\\/en\\\/\",\"name\":\"Sollertia\",\"description\":\"Bureaux d&#039;\u00e9tudes et de r\u00e9alisations en architecture textile\",\"publisher\":{\"@id\":\"https:\\\/\\\/sollertia.ca\\\/en\\\/#organization\"},\"potentialAction\":[{\"@type\":\"SearchAction\",\"target\":{\"@type\":\"EntryPoint\",\"urlTemplate\":\"https:\\\/\\\/sollertia.ca\\\/en\\\/?s={search_term_string}\"},\"query-input\":{\"@type\":\"PropertyValueSpecification\",\"valueRequired\":true,\"valueName\":\"search_term_string\"}}],\"inLanguage\":\"en-US\"},{\"@type\":\"Organization\",\"@id\":\"https:\\\/\\\/sollertia.ca\\\/en\\\/#organization\",\"name\":\"Sollertia\",\"url\":\"https:\\\/\\\/sollertia.ca\\\/en\\\/\",\"logo\":{\"@type\":\"ImageObject\",\"inLanguage\":\"en-US\",\"@id\":\"https:\\\/\\\/sollertia.ca\\\/en\\\/#\\\/schema\\\/logo\\\/image\\\/\",\"url\":\"https:\\\/\\\/i0.wp.com\\\/sollertia.ca\\\/wp-content\\\/uploads\\\/2019\\\/06\\\/sollertia-logo-facebook-180-cm-r.jpg?fit=2048%2C2048&ssl=1\",\"contentUrl\":\"https:\\\/\\\/i0.wp.com\\\/sollertia.ca\\\/wp-content\\\/uploads\\\/2019\\\/06\\\/sollertia-logo-facebook-180-cm-r.jpg?fit=2048%2C2048&ssl=1\",\"width\":2048,\"height\":2048,\"caption\":\"Sollertia\"},\"image\":{\"@id\":\"https:\\\/\\\/sollertia.ca\\\/en\\\/#\\\/schema\\\/logo\\\/image\\\/\"},\"sameAs\":[\"https:\\\/\\\/www.facebook.com\\\/Sollertia-Inc-371425436260491\\\/\",\"https:\\\/\\\/www.instagram.com\\\/sollertia_inc\\\/\",\"http:\\\/\\\/www.linkedin.com\\\/company\\\/2587941\\\/\"]}]}<\/script>\n<!-- \/ Yoast SEO plugin. -->","yoast_head_json":{"title":"Basin Covers | Sollertia % %","description":"Sollertia est une entreprise d\u2019experts-conseils sp\u00e9cialis\u00e9s en architecture textile. Nous offrons l'assistance \u00e0 la conception, la confection et l'installaton des structures de membranes tendues. \u00a6 Sollertia is a firm specialised tensile architecture offering design assistance, fabrication and installation of membrane structures.","robots":{"index":"index","follow":"follow","max-snippet":"max-snippet:-1","max-image-preview":"max-image-preview:large","max-video-preview":"max-video-preview:-1"},"canonical":"https:\/\/sollertia.ca\/en\/products\/basin-covers\/","og_locale":"en_US","og_type":"article","og_title":"Basin Covers | Sollertia % %","og_description":"Sollertia est une entreprise d\u2019experts-conseils sp\u00e9cialis\u00e9s en architecture textile. Nous offrons l'assistance \u00e0 la conception, la confection et l'installaton des structures de membranes tendues. \u00a6 Sollertia is a firm specialised tensile architecture offering design assistance, fabrication and installation of membrane structures.","og_url":"https:\/\/sollertia.ca\/en\/products\/basin-covers\/","og_site_name":"Sollertia","article_publisher":"https:\/\/www.facebook.com\/Sollertia-Inc-371425436260491\/","article_modified_time":"2026-02-23T18:25:02+00:00","og_image":[{"width":1920,"height":1440,"url":"https:\/\/sollertia.ca\/wp-content\/uploads\/2021\/07\/couverture-bassin-kingston-4.jpg","type":"image\/jpeg"}],"twitter_card":"summary_large_image","twitter_misc":{"Est. reading time":"2 minutes"},"schema":{"@context":"https:\/\/schema.org","@graph":[{"@type":"WebPage","@id":"https:\/\/sollertia.ca\/en\/products\/basin-covers\/","url":"https:\/\/sollertia.ca\/en\/products\/basin-covers\/","name":"Basin Covers | Sollertia % %","isPartOf":{"@id":"https:\/\/sollertia.ca\/en\/#website"},"primaryImageOfPage":{"@id":"https:\/\/sollertia.ca\/en\/products\/basin-covers\/#primaryimage"},"image":{"@id":"https:\/\/sollertia.ca\/en\/products\/basin-covers\/#primaryimage"},"thumbnailUrl":"https:\/\/sollertia.ca\/wp-content\/uploads\/2021\/07\/couverture-bassin-kingston-4.jpg","datePublished":"2021-07-29T15:00:03+00:00","dateModified":"2026-02-23T18:25:02+00:00","description":"Sollertia est une entreprise d\u2019experts-conseils sp\u00e9cialis\u00e9s en architecture textile. Nous offrons l'assistance \u00e0 la conception, la confection et l'installaton des structures de membranes tendues. \u00a6 Sollertia is a firm specialised tensile architecture offering design assistance, fabrication and installation of membrane structures.","breadcrumb":{"@id":"https:\/\/sollertia.ca\/en\/products\/basin-covers\/#breadcrumb"},"inLanguage":"en-US","potentialAction":[{"@type":"ReadAction","target":["https:\/\/sollertia.ca\/en\/products\/basin-covers\/"]}]},{"@type":"ImageObject","inLanguage":"en-US","@id":"https:\/\/sollertia.ca\/en\/products\/basin-covers\/#primaryimage","url":"https:\/\/sollertia.ca\/wp-content\/uploads\/2021\/07\/couverture-bassin-kingston-4.jpg","contentUrl":"https:\/\/sollertia.ca\/wp-content\/uploads\/2021\/07\/couverture-bassin-kingston-4.jpg","width":1920,"height":1440},{"@type":"BreadcrumbList","@id":"https:\/\/sollertia.ca\/en\/products\/basin-covers\/#breadcrumb","itemListElement":[{"@type":"ListItem","position":1,"name":"Accueil","item":"https:\/\/sollertia.ca\/en\/"},{"@type":"ListItem","position":2,"name":"Products","item":"https:\/\/sollertia.ca\/en\/products\/"},{"@type":"ListItem","position":3,"name":"Basin covers"}]},{"@type":"WebSite","@id":"https:\/\/sollertia.ca\/en\/#website","url":"https:\/\/sollertia.ca\/en\/","name":"Sollertia","description":"Bureaux d&#039;\u00e9tudes et de r\u00e9alisations en architecture textile","publisher":{"@id":"https:\/\/sollertia.ca\/en\/#organization"},"potentialAction":[{"@type":"SearchAction","target":{"@type":"EntryPoint","urlTemplate":"https:\/\/sollertia.ca\/en\/?s={search_term_string}"},"query-input":{"@type":"PropertyValueSpecification","valueRequired":true,"valueName":"search_term_string"}}],"inLanguage":"en-US"},{"@type":"Organization","@id":"https:\/\/sollertia.ca\/en\/#organization","name":"Sollertia","url":"https:\/\/sollertia.ca\/en\/","logo":{"@type":"ImageObject","inLanguage":"en-US","@id":"https:\/\/sollertia.ca\/en\/#\/schema\/logo\/image\/","url":"https:\/\/i0.wp.com\/sollertia.ca\/wp-content\/uploads\/2019\/06\/sollertia-logo-facebook-180-cm-r.jpg?fit=2048%2C2048&ssl=1","contentUrl":"https:\/\/i0.wp.com\/sollertia.ca\/wp-content\/uploads\/2019\/06\/sollertia-logo-facebook-180-cm-r.jpg?fit=2048%2C2048&ssl=1","width":2048,"height":2048,"caption":"Sollertia"},"image":{"@id":"https:\/\/sollertia.ca\/en\/#\/schema\/logo\/image\/"},"sameAs":["https:\/\/www.facebook.com\/Sollertia-Inc-371425436260491\/","https:\/\/www.instagram.com\/sollertia_inc\/","http:\/\/www.linkedin.com\/company\/2587941\/"]}]}},"jetpack_sharing_enabled":true,"_links":{"self":[{"href":"https:\/\/sollertia.ca\/en\/wp-json\/wp\/v2\/pages\/3498","targetHints":{"allow":["GET"]}}],"collection":[{"href":"https:\/\/sollertia.ca\/en\/wp-json\/wp\/v2\/pages"}],"about":[{"href":"https:\/\/sollertia.ca\/en\/wp-json\/wp\/v2\/types\/page"}],"author":[{"embeddable":true,"href":"https:\/\/sollertia.ca\/en\/wp-json\/wp\/v2\/users\/2"}],"replies":[{"embeddable":true,"href":"https:\/\/sollertia.ca\/en\/wp-json\/wp\/v2\/comments?post=3498"}],"version-history":[{"count":10,"href":"https:\/\/sollertia.ca\/en\/wp-json\/wp\/v2\/pages\/3498\/revisions"}],"predecessor-version":[{"id":5401,"href":"https:\/\/sollertia.ca\/en\/wp-json\/wp\/v2\/pages\/3498\/revisions\/5401"}],"up":[{"embeddable":true,"href":"https:\/\/sollertia.ca\/en\/wp-json\/wp\/v2\/pages\/2254"}],"wp:featuredmedia":[{"embeddable":true,"href":"https:\/\/sollertia.ca\/en\/wp-json\/wp\/v2\/media\/3445"}],"wp:attachment":[{"href":"https:\/\/sollertia.ca\/en\/wp-json\/wp\/v2\/media?parent=3498"}],"wp:term":[{"taxonomy":"category","embeddable":true,"href":"https:\/\/sollertia.ca\/en\/wp-json\/wp\/v2\/categories?post=3498"}],"curies":[{"name":"wp","href":"https:\/\/api.w.org\/{rel}","templated":true}]}}